{"id":590,"date":"2022-06-13T11:21:59","date_gmt":"2022-06-13T09:21:59","guid":{"rendered":"http:\/\/6dz14i"},"modified":"2025-06-30T18:32:26","modified_gmt":"2025-06-30T16:32:26","slug":"avis-juridique","status":"publish","type":"page","link":"https:\/\/grapeaventura.com\/fr\/aviso-legal\/","title":{"rendered":"Avis juridique"},"content":{"rendered":"<p>Vous \u00eates dans un espace engag\u00e9 dans le respect des droits de ses utilisateurs et pour cette raison, vous aurez un maximum de transparence et de rigueur sur tout ce que vous devez savoir sur ce site web.<\/p>\n\n\n\n<p>Ce site web respecte strictement la loi organique 3\/2018, du 5 d\u00e9cembre, sur la protection des donn\u00e9es personnelles et la garantie des droits num\u00e9riques (LOPDGDD). Il est \u00e9galement conforme au r\u00e8glement (UE) 2016\/679 du Parlement europ\u00e9en et du Conseil du 27 avril 2016 relatif \u00e0 la protection des personnes physiques (RGPD), ainsi qu'\u00e0 la loi 34\/2002, du 11 juillet, relative aux services de la soci\u00e9t\u00e9 de l'information et au commerce \u00e9lectronique (LSSICE ou LSSI).<\/p>\n\n\n\n<p>Les services et\/ou produits ne sont accessibles qu'aux personnes morales et aux personnes \u00e2g\u00e9es de 16 ans ou plus.<\/p>\n\n\n\n<h2 class=\"wp-block-heading\" id=\"identificador-del-responsable-de-la-web\">Identifiant de la personne responsable du site web<\/h2>\n\n\n\n<ul class=\"wp-block-list\">\n<li><strong>Nom de la soci\u00e9t\u00e9<\/strong>: RECIS AVENTURA S.L.<\/li>\n\n\n\n<li><strong>N\u00b0 DE TVA\/NIF<\/strong>: B09612052<\/li>\n\n\n\n<li><strong>Adresse \u00e9lectronique<\/strong>: info@grapeaventura.com<\/li>\n\n\n\n<li><strong>Si\u00e8ge social<\/strong>Adresse : Calle Virgen de la Vega 45 2C, 26200 Haro (La Rioja)<\/li>\n<\/ul>\n\n\n\n<h2 class=\"wp-block-heading\" id=\"te-preocupan-tus-datos-personales\">Vous vous souciez de vos donn\u00e9es personnelles ?<\/h2>\n\n\n\n<p>Lire notre&nbsp;<a href=\"https:\/\/grapeaventura.com\/fr\/politica-de-privacidad\/\">Politique de confidentialit\u00e9<\/a>.<\/p>\n\n\n\n<h2 class=\"wp-block-heading\" id=\"compromisos-y-obligaciones-de-los-usuarios\">Engagements et obligations des utilisateurs<\/h2>\n\n\n\n<p>L'utilisateur est inform\u00e9 et accepte que l'acc\u00e8s \u00e0 ce site web ne constitue en aucun cas, le d\u00e9but d'une relation commerciale avec GRAPE AVENTURA. Ainsi, l'utilisateur s'engage \u00e0 utiliser le site web, ses services et ses contenus sans contrevenir \u00e0 la l\u00e9gislation en vigueur, \u00e0 la bonne foi et \u00e0 l'ordre public.<\/p>\n\n\n\n<p>Il est interdit d'utiliser le site web \u00e0 des fins illicites ou pr\u00e9judiciables, ou de toute mani\u00e8re susceptible de causer des dommages ou d'entraver le fonctionnement normal du site web. En ce qui concerne le contenu de ce site web, il est interdit :<\/p>\n\n\n\n<ul class=\"wp-block-list\">\n<li>Reproduction, distribution ou modification, en tout ou en partie, sauf autorisation de ma part en tant que propri\u00e9taire l\u00e9gitime.<\/li>\n\n\n\n<li>Toute violation des droits du fournisseur ou de moi-m\u00eame en tant que propri\u00e9taire l\u00e9gitime.<\/li>\n\n\n\n<li>Leur utilisation \u00e0 des fins commerciales ou publicitaires.<\/li>\n<\/ul>\n\n\n\n<p>Lors de l'utilisation du site grapeaventura.com, l'utilisateur s'engage \u00e0 ne pas adopter de comportement susceptible de porter atteinte \u00e0 l'image, aux int\u00e9r\u00eats et aux droits de GRAPE AVENTURA ou de tiers, ou susceptible d'endommager, de d\u00e9sactiver ou de surcharger le portail grapeaventura.com ou d'emp\u00eacher, de quelque mani\u00e8re que ce soit, l'utilisation normale du site.<\/p>\n\n\n\n<p>N\u00e9anmoins, l'utilisateur doit \u00eatre conscient que les mesures de s\u00e9curit\u00e9 des syst\u00e8mes informatiques sur Internet ne sont pas enti\u00e8rement fiables et que, par cons\u00e9quent, grapeaventura.com ne peut pas garantir l'inexistence de malware ou d'autres \u00e9l\u00e9ments susceptibles de provoquer des alt\u00e9rations dans les syst\u00e8mes informatiques de l'utilisateur (logiciels et mat\u00e9riels) ou dans ses documents \u00e9lectroniques et fichiers qui y sont contenus, bien que tous les moyens n\u00e9cessaires et les mesures de s\u00e9curit\u00e9 appropri\u00e9es aient \u00e9t\u00e9 pris pour \u00e9viter la pr\u00e9sence de ces \u00e9l\u00e9ments nuisibles.<\/p>\n\n\n\n<h2 class=\"wp-block-heading\" id=\"medidas-de-seguridad\">Mesures de s\u00e9curit\u00e9<\/h2>\n\n\n\n<p>Les donn\u00e9es personnelles communiqu\u00e9es par l'utilisateur \u00e0 GRAPE AVENTURA peuvent \u00eatre stock\u00e9es dans des bases de donn\u00e9es automatis\u00e9es ou non, dont la propri\u00e9t\u00e9 correspond exclusivement \u00e0 RECIS AVENTURA S.L., en assumant toutes les mesures techniques, organisationnelles et de s\u00e9curit\u00e9 qui garantissent la confidentialit\u00e9, l'int\u00e9grit\u00e9 et la qualit\u00e9 des informations contenues dans celles-ci conform\u00e9ment aux dispositions de la l\u00e9gislation en vigueur sur la protection des donn\u00e9es.<\/p>\n\n\n\n<p>La communication entre les utilisateurs et grapeaventura.com utilise un canal s\u00e9curis\u00e9, et les donn\u00e9es transmises sont crypt\u00e9es gr\u00e2ce aux protocoles https, je garantis donc les meilleures conditions de s\u00e9curit\u00e9 pour que la confidentialit\u00e9 des utilisateurs soit garantie.<\/p>\n\n\n\n<h2 class=\"wp-block-heading\" id=\"plataforma-de-resolucion-de-conflictos\">Plate-forme de r\u00e9solution des conflits<\/h2>\n\n\n\n<p>Je mets \u00e9galement \u00e0 la disposition des utilisateurs la plate-forme de r\u00e9solution des litiges fournie par la Commission europ\u00e9enne, qui est disponible au lien suivant :\u00a0 <a href=\"https:\/\/ec.europa.eu\/consumers\/odr\/main\/index.cfm?event=main.home2.show&amp;lng=ES\" data-type=\"link\" data-id=\"https:\/\/ec.europa.eu\/consumers\/odr\/main\/index.cfm?event=main.home2.show&amp;lng=ES\" target=\"_blank\" rel=\"noopener\"><em>http:\/\/ec.europa.eu\/consumers\/odr\/<\/em><\/a><\/p>\n\n\n\n<h2 class=\"wp-block-heading\" id=\"exclusion-de-garantias-y-responsable\">Exclusion des garanties et de la responsabilit\u00e9<\/h2>\n\n\n\n<p>GRAPE AVENTURA ne donne aucune garantie et n'est pas responsable, en aucun cas, des dommages de toute nature qui pourraient \u00eatre caus\u00e9s par :<\/p>\n\n\n\n<ul class=\"wp-block-list\">\n<li>Le manque de disponibilit\u00e9, de maintenance et de fonctionnement efficace du site web, ou de ses services et contenus.<\/li>\n\n\n\n<li>L'existence de logiciels malveillants, de programmes malveillants ou nuisibles dans les contenus.<\/li>\n\n\n\n<li>Utilisation ill\u00e9gale, n\u00e9gligente, frauduleuse ou contraire au pr\u00e9sent avis juridique.<\/li>\n\n\n\n<li>Le manque de l\u00e9galit\u00e9, de qualit\u00e9, de fiabilit\u00e9, d'utilit\u00e9 et de disponibilit\u00e9 des services fournis par des tiers et mis \u00e0 la disposition des utilisateurs sur le site web.<\/li>\n\n\n\n<li>Le fournisseur d\u00e9cline toute responsabilit\u00e9 pour tout dommage r\u00e9sultant d'une utilisation ill\u00e9gale ou inappropri\u00e9e de ce site web.<\/li>\n<\/ul>\n\n\n\n<h2 class=\"wp-block-heading\" id=\"ley-aplicable-y-jurisdiccion\">Droit applicable et juridiction<\/h2>\n\n\n\n<p>De caract\u00e8re g\u00e9n\u00e9ral, les relations entre GRAPE AVENTURA et les utilisateurs de ses services t\u00e9l\u00e9matiques, pr\u00e9sents sur ce site web, sont soumises \u00e0 la l\u00e9gislation et \u00e0 la juridiction espagnoles et aux tribunaux de La Rioja.<\/p>\n\n\n\n<p>&nbsp;Si un utilisateur a des questions sur les pr\u00e9sentes conditions juridiques ou des commentaires sur le portail grapeaventura.com, il peut contacter info@grapeaventura.com.<\/p>\n\n\n\n<p>&nbsp;La derni\u00e8re mise \u00e0 jour de l'avis juridique date du 21\/06\/2022.<\/p>","protected":false},"excerpt":{"rendered":"<p>Est\u00e1s en un espacio comprometido con los derechos de sus usuarios y por esa raz\u00f3n, tendr\u00e1s m\u00e1xima transparencia y rigor sobre todo que necesitas saber sobre esta web. Esta web cumple rigurosamente con la Ley Org\u00e1nica 3\/2018, de 5 de diciembre, de Protecci\u00f3n de Datos Personales y garant\u00eda de los derechos digitales (LOPDGDD). Cumple tambi\u00e9n [&hellip;]<\/p>\n","protected":false},"author":1,"featured_media":0,"parent":0,"menu_order":1,"comment_status":"closed","ping_status":"closed","template":"","meta":{"footnotes":""},"class_list":["post-590","page","type-page","status-publish","hentry"],"_links":{"self":[{"href":"https:\/\/grapeaventura.com\/fr\/wp-json\/wp\/v2\/pages\/590","targetHints":{"allow":["GET"]}}],"collection":[{"href":"https:\/\/grapeaventura.com\/fr\/wp-json\/wp\/v2\/pages"}],"about":[{"href":"https:\/\/grapeaventura.com\/fr\/wp-json\/wp\/v2\/types\/page"}],"author":[{"embeddable":true,"href":"https:\/\/grapeaventura.com\/fr\/wp-json\/wp\/v2\/users\/1"}],"replies":[{"embeddable":true,"href":"https:\/\/grapeaventura.com\/fr\/wp-json\/wp\/v2\/comments?post=590"}],"version-history":[{"count":3,"href":"https:\/\/grapeaventura.com\/fr\/wp-json\/wp\/v2\/pages\/590\/revisions"}],"predecessor-version":[{"id":1869,"href":"https:\/\/grapeaventura.com\/fr\/wp-json\/wp\/v2\/pages\/590\/revisions\/1869"}],"wp:attachment":[{"href":"https:\/\/grapeaventura.com\/fr\/wp-json\/wp\/v2\/media?parent=590"}],"curies":[{"name":"wp","href":"https:\/\/api.w.org\/{rel}","templated":true}]}}