{"id":1566,"date":"2023-05-25T16:46:09","date_gmt":"2023-05-25T14:46:09","guid":{"rendered":"https:\/\/grapeaventura.com\/teambuilding-copy\/"},"modified":"2025-03-31T13:36:37","modified_gmt":"2025-03-31T11:36:37","slug":"urban-camps","status":"publish","type":"page","link":"https:\/\/grapeaventura.com\/en\/campamentos-urbanos\/","title":{"rendered":"Urban camps"},"content":{"rendered":"\t\t<div data-elementor-type=\"wp-page\" data-elementor-id=\"1566\" class=\"elementor elementor-1566\" data-elementor-post-type=\"page\">\n\t\t\t\t<div class=\"elementor-element elementor-element-53067e8 e-con-full fc-container-padding e-flex e-con e-parent\" data-id=\"53067e8\" data-element_type=\"container\" data-e-type=\"container\" data-settings=\"{&quot;background_background&quot;:&quot;classic&quot;,&quot;background_motion_fx_motion_fx_scrolling&quot;:&quot;yes&quot;,&quot;background_motion_fx_translateY_effect&quot;:&quot;yes&quot;,&quot;background_motion_fx_translateY_speed&quot;:{&quot;unit&quot;:&quot;px&quot;,&quot;size&quot;:4,&quot;sizes&quot;:[]},&quot;background_motion_fx_translateY_affectedRange&quot;:{&quot;unit&quot;:&quot;%&quot;,&quot;size&quot;:&quot;&quot;,&quot;sizes&quot;:{&quot;start&quot;:0,&quot;end&quot;:100}},&quot;background_motion_fx_devices&quot;:[&quot;widescreen&quot;,&quot;desktop&quot;,&quot;laptop&quot;,&quot;tablet&quot;,&quot;mobile&quot;]}\">\n\t\t<div class=\"elementor-element elementor-element-fdae6f1 e-flex e-con-boxed e-con e-child\" data-id=\"fdae6f1\" data-element_type=\"container\" data-e-type=\"container\">\n\t\t\t\t\t<div class=\"e-con-inner\">\n\t\t<div class=\"elementor-element elementor-element-03578f5 e-flex e-con-boxed e-con e-child\" data-id=\"03578f5\" data-element_type=\"container\" data-e-type=\"container\">\n\t\t\t\t\t<div class=\"e-con-inner\">\n\t\t\t\t<div class=\"elementor-element elementor-element-5aafca3 elementor-widget elementor-widget-heading\" data-id=\"5aafca3\" data-element_type=\"widget\" data-e-type=\"widget\" data-widget_type=\"heading.default\">\n\t\t\t\t<div class=\"elementor-widget-container\">\n\t\t\t\t\t<h2 class=\"elementor-heading-title elementor-size-default\">Actividades para ni\u00f1os<\/h2>\t\t\t\t<\/div>\n\t\t\t\t<\/div>\n\t\t\t\t<div class=\"elementor-element elementor-element-c81e124 elementor-widget elementor-widget-heading\" data-id=\"c81e124\" data-element_type=\"widget\" data-e-type=\"widget\" data-widget_type=\"heading.default\">\n\t\t\t\t<div class=\"elementor-widget-container\">\n\t\t\t\t\t<h1 class=\"elementor-heading-title elementor-size-default\">Campamentos urbanos<\/h1>\t\t\t\t<\/div>\n\t\t\t\t<\/div>\n\t\t\t\t\t<\/div>\n\t\t\t\t<\/div>\n\t\t<div class=\"elementor-element elementor-element-86395b4 e-flex e-con-boxed e-con e-child\" data-id=\"86395b4\" data-element_type=\"container\" data-e-type=\"container\">\n\t\t\t\t\t<div class=\"e-con-inner\">\n\t\t\t\t<div class=\"elementor-element elementor-element-224a3ad elementor-widget elementor-widget-text-editor\" data-id=\"224a3ad\" data-element_type=\"widget\" data-e-type=\"widget\" data-widget_type=\"text-editor.default\">\n\t\t\t\t<div class=\"elementor-widget-container\">\n\t\t\t\t\t\t\t\t\t<p><span style=\"font-weight: 400;\">\u00a1Descubre la emoci\u00f3n de nuestros campamentos urbanos!\u00a0<\/span><\/p><p><span style=\"font-weight: 400;\">Si est\u00e1s buscando una forma divertida, educativa y enriquecedora de pasar el tiempo libre de tus hijos durante las vacaciones, has llegado al lugar indicado.<\/span><\/p>\t\t\t\t\t\t\t\t<\/div>\n\t\t\t\t<\/div>\n\t\t\t\t\t<\/div>\n\t\t\t\t<\/div>\n\t\t\t\t\t<\/div>\n\t\t\t\t<\/div>\n\t\t\t\t<\/div>\n\t\t<div class=\"elementor-element elementor-element-247e9e4 e-con-full e-flex e-con e-parent\" data-id=\"247e9e4\" data-element_type=\"container\" data-e-type=\"container\" data-settings=\"{&quot;background_background&quot;:&quot;classic&quot;}\">\n\t\t<div class=\"elementor-element elementor-element-4258418 e-con-full fc-container-equal-l e-flex e-con e-child\" data-id=\"4258418\" data-element_type=\"container\" data-e-type=\"container\">\n\t\t\t\t<div class=\"elementor-element elementor-element-b0ff47a elementor-widget elementor-widget-heading\" data-id=\"b0ff47a\" data-element_type=\"widget\" data-e-type=\"widget\" data-widget_type=\"heading.default\">\n\t\t\t\t<div class=\"elementor-widget-container\">\n\t\t\t\t\t<span class=\"elementor-heading-title elementor-size-default\">Aprender y disfrutar<\/span>\t\t\t\t<\/div>\n\t\t\t\t<\/div>\n\t\t\t\t<div class=\"elementor-element elementor-element-3594598 elementor-widget elementor-widget-text-editor\" data-id=\"3594598\" data-element_type=\"widget\" data-e-type=\"widget\" data-widget_type=\"text-editor.default\">\n\t\t\t\t<div class=\"elementor-widget-container\">\n\t\t\t\t\t\t\t\t\t<p><span style=\"font-weight: 400;\">Nuestros campamentos urbanos est\u00e1n dise\u00f1ados para brindar a los ni\u00f1os y adolescentes una oportunidad inigualable de aprender, explorar y disfrutar en un entorno urbano vibrante. Con una amplia variedad de actividades emocionantes y un enfoque en el crecimiento personal y social, nuestros campamentos son ideales para aquellos que desean una experiencia veraniega llena de diversi\u00f3n y descubrimientos.<\/span><\/p>\t\t\t\t\t\t\t\t<\/div>\n\t\t\t\t<\/div>\n\t\t\t\t<div class=\"elementor-element elementor-element-2449ff9 fc-boton-oscuro elementor-mobile-align-center elementor-tablet-align-center elementor-widget elementor-widget-button\" data-id=\"2449ff9\" data-element_type=\"widget\" data-e-type=\"widget\" data-widget_type=\"button.default\">\n\t\t\t\t<div class=\"elementor-widget-container\">\n\t\t\t\t\t\t\t\t\t<div class=\"elementor-button-wrapper\">\n\t\t\t\t\t<a class=\"elementor-button elementor-button-link elementor-size-sm\" href=\"https:\/\/grapeaventura.com\/contacto\/\">\n\t\t\t\t\t\t<span class=\"elementor-button-content-wrapper\">\n\t\t\t\t\t\t\t\t\t<span class=\"elementor-button-text\">Inf\u00f3rmate<\/span>\n\t\t\t\t\t<\/span>\n\t\t\t\t\t<\/a>\n\t\t\t\t<\/div>\n\t\t\t\t\t\t\t\t<\/div>\n\t\t\t\t<\/div>\n\t\t\t\t<\/div>\n\t\t<div class=\"elementor-element elementor-element-ee2e7cd e-con-full e-flex e-con e-child\" data-id=\"ee2e7cd\" data-element_type=\"container\" data-e-type=\"container\">\n\t\t\t\t<div class=\"elementor-element elementor-element-cd94ae2 elementor-widget elementor-widget-image\" data-id=\"cd94ae2\" data-element_type=\"widget\" data-e-type=\"widget\" data-widget_type=\"image.default\">\n\t\t\t\t<div class=\"elementor-widget-container\">\n\t\t\t\t\t\t\t\t\t\t\t\t\t\t\t<img fetchpriority=\"high\" decoding=\"async\" width=\"960\" height=\"600\" src=\"https:\/\/grapeaventura.com\/wp-content\/uploads\/2022\/06\/grape-servicio-campamentos-urbanos.jpg\" class=\"attachment-full size-full wp-image-885\" alt=\"\" srcset=\"https:\/\/grapeaventura.com\/wp-content\/uploads\/2022\/06\/grape-servicio-campamentos-urbanos.jpg 960w, https:\/\/grapeaventura.com\/wp-content\/uploads\/2022\/06\/grape-servicio-campamentos-urbanos-300x188.jpg 300w, https:\/\/grapeaventura.com\/wp-content\/uploads\/2022\/06\/grape-servicio-campamentos-urbanos-768x480.jpg 768w\" sizes=\"(max-width: 960px) 100vw, 960px\" \/>\t\t\t\t\t\t\t\t\t\t\t\t\t\t\t<\/div>\n\t\t\t\t<\/div>\n\t\t\t\t<\/div>\n\t\t\t\t<\/div>\n\t\t<div class=\"elementor-element elementor-element-7d12617 e-con-full fc-container-padding e-flex e-con e-parent\" data-id=\"7d12617\" data-element_type=\"container\" data-e-type=\"container\" data-settings=\"{&quot;background_background&quot;:&quot;classic&quot;}\">\n\t\t<div class=\"elementor-element elementor-element-c23d6db e-flex e-con-boxed e-con e-child\" data-id=\"c23d6db\" data-element_type=\"container\" data-e-type=\"container\">\n\t\t\t\t\t<div class=\"e-con-inner\">\n\t\t<div class=\"elementor-element elementor-element-8fe2166 e-flex e-con-boxed e-con e-child\" data-id=\"8fe2166\" data-element_type=\"container\" data-e-type=\"container\">\n\t\t\t\t\t<div class=\"e-con-inner\">\n\t\t\t\t<div class=\"elementor-element elementor-element-48f8375 elementor-widget elementor-widget-heading\" data-id=\"48f8375\" data-element_type=\"widget\" data-e-type=\"widget\" data-widget_type=\"heading.default\">\n\t\t\t\t<div class=\"elementor-widget-container\">\n\t\t\t\t\t<h2 class=\"elementor-heading-title elementor-size-default\">\u00bfQu\u00e9 hace que nuestros campamentos urbanos sean especiales?<\/h2>\t\t\t\t<\/div>\n\t\t\t\t<\/div>\n\t\t\t\t<div class=\"elementor-element elementor-element-b769d3a elementor-widget elementor-widget-text-editor\" data-id=\"b769d3a\" data-element_type=\"widget\" data-e-type=\"widget\" data-widget_type=\"text-editor.default\">\n\t\t\t\t<div class=\"elementor-widget-container\">\n\t\t\t\t\t\t\t\t\t<ol>\n \t<li><span style=\"font-weight: 400;\"> Variedad de actividades: Ofrecemos una amplia gama de actividades para adaptarnos a los intereses y preferencias de cada participante. Desde deportes en la naturaleza, talleres y manualidades art\u00edsticas, hasta juegos tradicionales y visita a la piscina municipal. Nuestros campamentos brindan oportunidades para explorar diferentes \u00e1reas de inter\u00e9s y descubrir nuevas pasiones.<\/span><\/li>\n \t<li><span style=\"font-weight: 400;\">Ubicaciones privilegiadas: Nuestros campamentos se llevan a cabo en sitios naturales de especial inter\u00e9s, como el r\u00edo Ebro y la comarca de Rioja Alta, adem\u00e1s de nuestras instalaciones donde disponemos de un espacio multiusos perfecto para desarrollar diversas tem\u00e1ticas y actividades afines a cada campista.<\/span><\/li>\n \t<li><span style=\"font-weight: 400;\">Actividades enriquecedoras: Nuestro equipo de profesionales altamente capacitados ha desarrollado un programa de actividades enriquecedoras y entretenidas que combinan aprendizaje, desarrollo de habilidades y diversi\u00f3n. Desde talleres manuales hasta excursiones educativas y juegos al aire libre, cada d\u00eda est\u00e1 lleno de aventuras y descubrimientos.<\/span><\/li>\n \t<li><span style=\"font-weight: 400;\">Aprendizaje interactivo: Nos enorgullece ofrecer un enfoque de aprendizaje interactivo en nuestros campamentos. Los participantes tienen la oportunidad de experimentar de primera mano el mundo que les rodea a trav\u00e9s de actividades pr\u00e1cticas, proyectos colaborativos y desaf\u00edos emocionantes. Fomentamos la creatividad, el pensamiento cr\u00edtico y la resoluci\u00f3n de problemas en un entorno seguro y estimulante.<\/span><\/li>\n \t<li><span style=\"font-weight: 400;\">Personal dedicado: Nuestro equipo de profesionales altamente capacitados est\u00e1 comprometido con la seguridad, el bienestar y la diversi\u00f3n de todos los campistas. Nuestros l\u00edderes de campamento son expertos en crear un ambiente acogedor y positivo donde cada participante se sienta valorado y apoyado.<\/span><\/li>\n \t<li><span style=\"font-weight: 400;\">Amistades duraderas: Nuestros campamentos urbanos son una oportunidad para que los ni\u00f1os y adolescentes conozcan a personas de ideas afines y establezcan amistades duraderas. Fomentamos la colaboraci\u00f3n y el trabajo en equipo, lo que les permite desarrollar habilidades sociales importantes mientras se divierten y crean recuerdos inolvidables. Muchos de nuestros campistas regresan a\u00f1o tras a\u00f1o, ansiosos por reunirse con amigos y disfrutar juntos de nuevas aventuras.<\/span><\/li>\n&nbsp;\n<\/ol>\nNo esperes m\u00e1s para brindar a tus hijos la oportunidad de vivir una experiencia emocionante y enriquecedora en nuestros campamentos multiaventura. Descubre la emoci\u00f3n de aprender, explorar y hacer amigos en el vibrante entorno de Haro y alrededores. \u00a1Inscr\u00edbelos ahora y prep\u00e1rate para un verano lleno de diversi\u00f3n y crecimiento!\t\t\t\t\t\t\t\t<\/div>\n\t\t\t\t<\/div>\n\t\t\t\t\t<\/div>\n\t\t\t\t<\/div>\n\t\t\t\t\t<\/div>\n\t\t\t\t<\/div>\n\t\t\t\t<\/div>\n\t\t\t\t<\/div>\n\t\t","protected":false},"excerpt":{"rendered":"<p>Actividades para ni\u00f1os Campamentos urbanos \u00a1Descubre la emoci\u00f3n de nuestros campamentos urbanos!\u00a0 Si est\u00e1s buscando una forma divertida, educativa y enriquecedora de pasar el tiempo libre de tus hijos durante las vacaciones, has llegado al lugar indicado. Aprender y disfrutar Nuestros campamentos urbanos est\u00e1n dise\u00f1ados para brindar a los ni\u00f1os y adolescentes una oportunidad inigualable [&hellip;]<\/p>\n","protected":false},"author":1,"featured_media":885,"parent":0,"menu_order":0,"comment_status":"closed","ping_status":"closed","template":"","meta":{"footnotes":""},"class_list":["post-1566","page","type-page","status-publish","has-post-thumbnail","hentry"],"_links":{"self":[{"href":"https:\/\/grapeaventura.com\/en\/wp-json\/wp\/v2\/pages\/1566","targetHints":{"allow":["GET"]}}],"collection":[{"href":"https:\/\/grapeaventura.com\/en\/wp-json\/wp\/v2\/pages"}],"about":[{"href":"https:\/\/grapeaventura.com\/en\/wp-json\/wp\/v2\/types\/page"}],"author":[{"embeddable":true,"href":"https:\/\/grapeaventura.com\/en\/wp-json\/wp\/v2\/users\/1"}],"replies":[{"embeddable":true,"href":"https:\/\/grapeaventura.com\/en\/wp-json\/wp\/v2\/comments?post=1566"}],"version-history":[{"count":11,"href":"https:\/\/grapeaventura.com\/en\/wp-json\/wp\/v2\/pages\/1566\/revisions"}],"predecessor-version":[{"id":1754,"href":"https:\/\/grapeaventura.com\/en\/wp-json\/wp\/v2\/pages\/1566\/revisions\/1754"}],"wp:featuredmedia":[{"embeddable":true,"href":"https:\/\/grapeaventura.com\/en\/wp-json\/wp\/v2\/media\/885"}],"wp:attachment":[{"href":"https:\/\/grapeaventura.com\/en\/wp-json\/wp\/v2\/media?parent=1566"}],"curies":[{"name":"wp","href":"https:\/\/api.w.org\/{rel}","templated":true}]}}