{"id":1543,"date":"2023-05-25T16:11:40","date_gmt":"2023-05-25T14:11:40","guid":{"rendered":"https:\/\/grapeaventura.com\/?page_id=1543"},"modified":"2025-08-04T11:36:46","modified_gmt":"2025-08-04T09:36:46","slug":"teambuilding","status":"publish","type":"page","link":"https:\/\/grapeaventura.com\/en\/teambuilding\/","title":{"rendered":"Team Building in La Rioja"},"content":{"rendered":"\t\t<div data-elementor-type=\"wp-page\" data-elementor-id=\"1543\" class=\"elementor elementor-1543\" data-elementor-post-type=\"page\">\n\t\t\t\t<div class=\"elementor-element elementor-element-53067e8 e-con-full fc-container-padding e-flex e-con e-parent\" data-id=\"53067e8\" data-element_type=\"container\" data-e-type=\"container\" data-settings=\"{&quot;background_background&quot;:&quot;classic&quot;,&quot;background_motion_fx_motion_fx_scrolling&quot;:&quot;yes&quot;,&quot;background_motion_fx_translateY_effect&quot;:&quot;yes&quot;,&quot;background_motion_fx_translateY_speed&quot;:{&quot;unit&quot;:&quot;px&quot;,&quot;size&quot;:4,&quot;sizes&quot;:[]},&quot;background_motion_fx_translateY_affectedRange&quot;:{&quot;unit&quot;:&quot;%&quot;,&quot;size&quot;:&quot;&quot;,&quot;sizes&quot;:{&quot;start&quot;:0,&quot;end&quot;:100}},&quot;background_motion_fx_devices&quot;:[&quot;widescreen&quot;,&quot;desktop&quot;,&quot;laptop&quot;,&quot;tablet&quot;,&quot;mobile&quot;]}\">\n\t\t<div class=\"elementor-element elementor-element-fdae6f1 e-flex e-con-boxed e-con e-child\" data-id=\"fdae6f1\" data-element_type=\"container\" data-e-type=\"container\">\n\t\t\t\t\t<div class=\"e-con-inner\">\n\t\t<div class=\"elementor-element elementor-element-03578f5 e-flex e-con-boxed e-con e-child\" data-id=\"03578f5\" data-element_type=\"container\" data-e-type=\"container\">\n\t\t\t\t\t<div class=\"e-con-inner\">\n\t\t\t\t<div class=\"elementor-element elementor-element-c81e124 elementor-widget elementor-widget-heading\" data-id=\"c81e124\" data-element_type=\"widget\" data-e-type=\"widget\" data-widget_type=\"heading.default\">\n\t\t\t\t<div class=\"elementor-widget-container\">\n\t\t\t\t\t<h1 class=\"elementor-heading-title elementor-size-default\">Team Building en La Rioja<\/h1>\t\t\t\t<\/div>\n\t\t\t\t<\/div>\n\t\t\t\t<div class=\"elementor-element elementor-element-b9317ad elementor-widget elementor-widget-heading\" data-id=\"b9317ad\" data-element_type=\"widget\" data-e-type=\"widget\" data-widget_type=\"heading.default\">\n\t\t\t\t<div class=\"elementor-widget-container\">\n\t\t\t\t\t<h2 class=\"elementor-heading-title elementor-size-default\">Actividades para empresas en La Rioja: Teambuilding<\/h2>\t\t\t\t<\/div>\n\t\t\t\t<\/div>\n\t\t\t\t<div class=\"elementor-element elementor-element-e57f8a9 elementor-widget elementor-widget-text-editor\" data-id=\"e57f8a9\" data-element_type=\"widget\" data-e-type=\"widget\" data-widget_type=\"text-editor.default\">\n\t\t\t\t<div class=\"elementor-widget-container\">\n\t\t\t\t\t\t\t\t\t<h3>Fortalece la colaboraci\u00f3n y el esp\u00edritu de equipo con nuestras actividades de Team Building<\/h3>\t\t\t\t\t\t\t\t<\/div>\n\t\t\t\t<\/div>\n\t\t\t\t\t<\/div>\n\t\t\t\t<\/div>\n\t\t<div class=\"elementor-element elementor-element-86395b4 e-flex e-con-boxed e-con e-child\" data-id=\"86395b4\" data-element_type=\"container\" data-e-type=\"container\">\n\t\t\t\t\t<div class=\"e-con-inner\">\n\t\t\t\t<div class=\"elementor-element elementor-element-224a3ad elementor-widget elementor-widget-text-editor\" data-id=\"224a3ad\" data-element_type=\"widget\" data-e-type=\"widget\" data-widget_type=\"text-editor.default\">\n\t\t\t\t<div class=\"elementor-widget-container\">\n\t\t\t\t\t\t\t\t\t<p>\u00bfBuscas potenciar la colaboraci\u00f3n, mejorar la comunicaci\u00f3n y fortalecer el esp\u00edritu de equipo en tu empresa? \u00a1Nuestras actividades de team building son la soluci\u00f3n perfecta! En GRAPE AVENTURA ofrecemos una amplia variedad de experiencias dise\u00f1adas para fomentar el trabajo en equipo, el liderazgo y la cohesi\u00f3n grupal. Ya sea que desees organizar un evento corporativo, una conferencia, una reuni\u00f3n o simplemente quieras reforzar los lazos entre tus empleados, nuestras actividades de team building son la elecci\u00f3n ideal.<\/p>\t\t\t\t\t\t\t\t<\/div>\n\t\t\t\t<\/div>\n\t\t\t\t\t<\/div>\n\t\t\t\t<\/div>\n\t\t\t\t\t<\/div>\n\t\t\t\t<\/div>\n\t\t\t\t<\/div>\n\t\t<div class=\"elementor-element elementor-element-247e9e4 e-con-full e-flex e-con e-parent\" data-id=\"247e9e4\" data-element_type=\"container\" data-e-type=\"container\" data-settings=\"{&quot;background_background&quot;:&quot;classic&quot;}\">\n\t\t<div class=\"elementor-element elementor-element-4258418 e-con-full fc-container-equal-l e-flex e-con e-child\" data-id=\"4258418\" data-element_type=\"container\" data-e-type=\"container\">\n\t\t\t\t<div class=\"elementor-element elementor-element-b0ff47a elementor-widget elementor-widget-heading\" data-id=\"b0ff47a\" data-element_type=\"widget\" data-e-type=\"widget\" data-widget_type=\"heading.default\">\n\t\t\t\t<div class=\"elementor-widget-container\">\n\t\t\t\t\t<h3 class=\"elementor-heading-title elementor-size-default\">\u00bfQu\u00e9 es el Team Building y por qu\u00e9 es importante?<\/h3>\t\t\t\t<\/div>\n\t\t\t\t<\/div>\n\t\t\t\t<div class=\"elementor-element elementor-element-3594598 elementor-widget elementor-widget-text-editor\" data-id=\"3594598\" data-element_type=\"widget\" data-e-type=\"widget\" data-widget_type=\"text-editor.default\">\n\t\t\t\t<div class=\"elementor-widget-container\">\n\t\t\t\t\t\t\t\t\t<p>El Team Building se refiere a una serie de actividades y ejercicios dise\u00f1ados para fortalecer las relaciones y mejorar la colaboraci\u00f3n entre los miembros de un equipo. Estas actividades van m\u00e1s all\u00e1 de las tareas diarias y permiten a los participantes trabajar juntos en un entorno divertido y desafiante. El objetivo principal del Team Building es mejorar la comunicaci\u00f3n, fomentar la confianza mutua y promover un sentido de pertenencia y compromiso compartido. Al invertir en actividades de team building, las empresas pueden crear un ambiente laboral positivo y productivo, donde los empleados se sientan motivados, comprometidos y conectados entre s\u00ed.<\/p>\t\t\t\t\t\t\t\t<\/div>\n\t\t\t\t<\/div>\n\t\t\t\t<div class=\"elementor-element elementor-element-2449ff9 fc-boton-oscuro elementor-mobile-align-center elementor-tablet-align-center elementor-widget elementor-widget-button\" data-id=\"2449ff9\" data-element_type=\"widget\" data-e-type=\"widget\" data-widget_type=\"button.default\">\n\t\t\t\t<div class=\"elementor-widget-container\">\n\t\t\t\t\t\t\t\t\t<div class=\"elementor-button-wrapper\">\n\t\t\t\t\t<a class=\"elementor-button elementor-button-link elementor-size-sm\" href=\"https:\/\/grapeaventura.com\/contacto\/\">\n\t\t\t\t\t\t<span class=\"elementor-button-content-wrapper\">\n\t\t\t\t\t\t\t\t\t<span class=\"elementor-button-text\">Inf\u00f3rmate<\/span>\n\t\t\t\t\t<\/span>\n\t\t\t\t\t<\/a>\n\t\t\t\t<\/div>\n\t\t\t\t\t\t\t\t<\/div>\n\t\t\t\t<\/div>\n\t\t\t\t<\/div>\n\t\t<div class=\"elementor-element elementor-element-ee2e7cd e-con-full e-flex e-con e-child\" data-id=\"ee2e7cd\" data-element_type=\"container\" data-e-type=\"container\">\n\t\t\t\t<div class=\"elementor-element elementor-element-cd94ae2 elementor-widget elementor-widget-image\" data-id=\"cd94ae2\" data-element_type=\"widget\" data-e-type=\"widget\" data-widget_type=\"image.default\">\n\t\t\t\t<div class=\"elementor-widget-container\">\n\t\t\t\t\t\t\t\t\t\t\t\t\t\t\t<img fetchpriority=\"high\" decoding=\"async\" width=\"960\" height=\"600\" src=\"https:\/\/grapeaventura.com\/wp-content\/uploads\/2022\/06\/grape-servicio-teambuilding.jpg\" class=\"attachment-full size-full wp-image-884\" alt=\"\" srcset=\"https:\/\/grapeaventura.com\/wp-content\/uploads\/2022\/06\/grape-servicio-teambuilding.jpg 960w, https:\/\/grapeaventura.com\/wp-content\/uploads\/2022\/06\/grape-servicio-teambuilding-300x188.jpg 300w, https:\/\/grapeaventura.com\/wp-content\/uploads\/2022\/06\/grape-servicio-teambuilding-768x480.jpg 768w\" sizes=\"(max-width: 960px) 100vw, 960px\" \/>\t\t\t\t\t\t\t\t\t\t\t\t\t\t\t<\/div>\n\t\t\t\t<\/div>\n\t\t\t\t<\/div>\n\t\t\t\t<\/div>\n\t\t<div class=\"elementor-element elementor-element-7d12617 e-con-full fc-container-padding e-flex e-con e-parent\" data-id=\"7d12617\" data-element_type=\"container\" data-e-type=\"container\" data-settings=\"{&quot;background_background&quot;:&quot;classic&quot;}\">\n\t\t<div class=\"elementor-element elementor-element-c23d6db e-flex e-con-boxed e-con e-child\" data-id=\"c23d6db\" data-element_type=\"container\" data-e-type=\"container\">\n\t\t\t\t\t<div class=\"e-con-inner\">\n\t\t<div class=\"elementor-element elementor-element-8fe2166 e-flex e-con-boxed e-con e-child\" data-id=\"8fe2166\" data-element_type=\"container\" data-e-type=\"container\">\n\t\t\t\t\t<div class=\"e-con-inner\">\n\t\t\t\t<div class=\"elementor-element elementor-element-48f8375 elementor-widget elementor-widget-heading\" data-id=\"48f8375\" data-element_type=\"widget\" data-e-type=\"widget\" data-widget_type=\"heading.default\">\n\t\t\t\t<div class=\"elementor-widget-container\">\n\t\t\t\t\t<h2 class=\"elementor-heading-title elementor-size-default\">Nuestros team building y actividades de empresa en La Rioja<\/h2>\t\t\t\t<\/div>\n\t\t\t\t<\/div>\n\t\t\t\t<div class=\"elementor-element elementor-element-b769d3a elementor-widget elementor-widget-text-editor\" data-id=\"b769d3a\" data-element_type=\"widget\" data-e-type=\"widget\" data-widget_type=\"text-editor.default\">\n\t\t\t\t<div class=\"elementor-widget-container\">\n\t\t\t\t\t\t\t\t\tEn GRAPE AVENTURA, ofrecemos una amplia gama de actividades de team building adaptadas a las necesidades y objetivos espec\u00edficos de tu empresa. Nuestros programas est\u00e1n dise\u00f1ados para ser divertidos, desafiantes y educativos al mismo tiempo. Aqu\u00ed tienes un vistazo a algunas de nuestras actividades m\u00e1s populares:\n<ol>\n \t<li><b>Ruta en quad<\/b><span style=\"font-weight: 400;\">: \u00a1Prep\u00e1rate para una emocionante ruta en quad en parejas por los caminos de vi\u00f1edo llena de emoci\u00f3n y diversi\u00f3n! Las parejas deber\u00e1n conducir el veh\u00edculo de forma alterna sorteando baches, desniveles y cambios de direcci\u00f3n con el objetivo de disfrutar del paisaje y conocer el entorno. Esta actividad promueve la confianza en el compa\u00f1ero, el pensamiento estrat\u00e9gico y la resoluci\u00f3n de problemas.<\/span><\/li>\n \t<li><b>Paseo en kayak<\/b>: Pon a prueba tu habilidad f\u00edsica a bordo de un kayak doble y comparte la experiencia de navegar el r\u00edo Ebro. Este desaf\u00edo fomenta la cooperaci\u00f3n, la comunicaci\u00f3n y el trabajo en equipo.<\/li>\n \t<li><b>Gymkana por equipos<\/b><span style=\"font-weight: 400;\">: Los equipos deben competir para ganar las pruebas planteadas, resolviendo problemas l\u00f3gicos, utilizando sus habilidades f\u00edsicas y trabajando en conjunto para conseguir ser los mejores. Esta experiencia mejora la comunicaci\u00f3n, la toma de decisiones bajo presi\u00f3n y la resoluci\u00f3n de problemas.<\/span><\/li>\n \t<li><b>Gymkana por equipos al aire libre<\/b><span style=\"font-weight: 400;\">: Una actividad de team building muy popular que requiere colaboraci\u00f3n y trabajo en equipo. Organizamos una serie de pruebas en la naturaleza, como orientaci\u00f3n, juegos tradicionales, rompecabezas\u2026con el objetivo de competir entre equipos y obtener la mayor puntuaci\u00f3n. Esta competencia desarrolla la direcci\u00f3n y mando, la toma de decisiones y el trabajo en equipo.<\/span><\/li>\n<\/ol>\t\t\t\t\t\t\t\t<\/div>\n\t\t\t\t<\/div>\n\t\t\t\t<div class=\"elementor-element elementor-element-7b7424e elementor-widget elementor-widget-html\" data-id=\"7b7424e\" data-element_type=\"widget\" data-e-type=\"widget\" data-widget_type=\"html.default\">\n\t\t\t\t<div class=\"elementor-widget-container\">\n\t\t\t\t\t<script type=\"application\/ld+json\">\n{\n  \"@context\": \"https:\/\/schema.org\",\n  \"@type\": \"LocalBusiness\",\n  \"name\": \"Team Building en La Rioja\",\n  \"image\": \"https:\/\/grapeaventura.com\/wp-content\/uploads\/2022\/06\/grape-servicio-teambuilding.jpg\",\n  \"@id\": \"\",\n  \"url\": \"https:\/\/grapeaventura.com\/teambuilding\/\",\n  \"telephone\": \"68100 0042\",\n  \"priceRange\": \"29\",\n  \"address\": {\n    \"@type\": \"PostalAddress\",\n    \"streetAddress\": \"pol\u00edgono industrial fuenteciega, Calle Acacias, 124\",\n    \"addressLocality\": \"Haro, La Rioja\",\n    \"postalCode\": \"26200\",\n    \"addressCountry\": \"ES\"\n  },\n  \"geo\": {\n    \"@type\": \"GeoCoordinates\",\n    \"latitude\": 42.55863909949792,\n    \"longitude\": -2.836290140188977\n  },\n  \"openingHoursSpecification\": [{\n    \"@type\": \"OpeningHoursSpecification\",\n    \"dayOfWeek\": [\n      \"Monday\",\n      \"Tuesday\",\n      \"Wednesday\",\n      \"Thursday\",\n      \"Friday\",\n      \"Saturday\",\n      \"Sunday\"\n    ],\n    \"opens\": \"10:00\",\n    \"closes\": \"14:00\"\n  },{\n    \"@type\": \"OpeningHoursSpecification\",\n    \"dayOfWeek\": [\n      \"Monday\",\n      \"Tuesday\",\n      \"Wednesday\",\n      \"Thursday\",\n      \"Friday\",\n      \"Saturday\"\n    ],\n    \"opens\": \"16:00\",\n    \"closes\": \"20:00\"\n  }] \n}\n<\/script>\t\t\t\t<\/div>\n\t\t\t\t<\/div>\n\t\t\t\t\t<\/div>\n\t\t\t\t<\/div>\n\t\t\t\t\t<\/div>\n\t\t\t\t<\/div>\n\t\t\t\t<\/div>\n\t\t\t\t<\/div>\n\t\t","protected":false},"excerpt":{"rendered":"<p>Team Building en La Rioja Actividades para empresas en La Rioja: Teambuilding Fortalece la colaboraci\u00f3n y el esp\u00edritu de equipo con nuestras actividades de Team Building \u00bfBuscas potenciar la colaboraci\u00f3n, mejorar la comunicaci\u00f3n y fortalecer el esp\u00edritu de equipo en tu empresa? \u00a1Nuestras actividades de team building son la soluci\u00f3n perfecta! En GRAPE AVENTURA ofrecemos [&hellip;]<\/p>\n","protected":false},"author":1,"featured_media":884,"parent":0,"menu_order":0,"comment_status":"closed","ping_status":"closed","template":"","meta":{"footnotes":""},"class_list":["post-1543","page","type-page","status-publish","has-post-thumbnail","hentry"],"_links":{"self":[{"href":"https:\/\/grapeaventura.com\/en\/wp-json\/wp\/v2\/pages\/1543","targetHints":{"allow":["GET"]}}],"collection":[{"href":"https:\/\/grapeaventura.com\/en\/wp-json\/wp\/v2\/pages"}],"about":[{"href":"https:\/\/grapeaventura.com\/en\/wp-json\/wp\/v2\/types\/page"}],"author":[{"embeddable":true,"href":"https:\/\/grapeaventura.com\/en\/wp-json\/wp\/v2\/users\/1"}],"replies":[{"embeddable":true,"href":"https:\/\/grapeaventura.com\/en\/wp-json\/wp\/v2\/comments?post=1543"}],"version-history":[{"count":39,"href":"https:\/\/grapeaventura.com\/en\/wp-json\/wp\/v2\/pages\/1543\/revisions"}],"predecessor-version":[{"id":1902,"href":"https:\/\/grapeaventura.com\/en\/wp-json\/wp\/v2\/pages\/1543\/revisions\/1902"}],"wp:featuredmedia":[{"embeddable":true,"href":"https:\/\/grapeaventura.com\/en\/wp-json\/wp\/v2\/media\/884"}],"wp:attachment":[{"href":"https:\/\/grapeaventura.com\/en\/wp-json\/wp\/v2\/media?parent=1543"}],"curies":[{"name":"wp","href":"https:\/\/api.w.org\/{rel}","templated":true}]}}